{"id":8,"date":"2025-06-16T17:35:48","date_gmt":"2025-06-16T17:35:48","guid":{"rendered":"https:\/\/web-onlines.com\/?page_id=8"},"modified":"2025-06-17T21:43:55","modified_gmt":"2025-06-17T21:43:55","slug":"home","status":"publish","type":"page","link":"https:\/\/web-onlines.com\/","title":{"rendered":"Home"},"content":{"rendered":"\n<div class=\"wp-block-cover alignfull is-light\" style=\"min-height:720px;aspect-ratio:unset;\"><span aria-hidden=\"true\" class=\"wp-block-cover__background has-background-dim-100 has-background-dim has-background-gradient\" style=\"background:linear-gradient(35deg,rgb(6,0,151) 0%,rgb(130,4,255) 73%,rgb(193,15,255) 100%)\"><\/span><div class=\"wp-block-cover__inner-container is-layout-flow wp-block-cover-is-layout-flow\">\n<div class=\"inherit-container-width wp-block-group alignwide is-layout-constrained wp-block-group-is-layout-constrained\">\n<div class=\"wp-block-media-text alignwide has-media-on-the-right is-stacked-on-mobile is-vertically-aligned-center\" style=\"grid-template-columns:auto 43%\"><div class=\"wp-block-media-text__content\">\n<h1 class=\"wp-block-heading has-text-align-left has-white-color has-text-color\">Enregistrez vos tickets ici<\/h1>\n\n\n\n<p class=\"has-white-color has-text-color\">S\u00e9curit\u00e9 et Confidentialit\u00e9 garanties<\/p>\n\n\n\n<div class=\"wp-block-buttons is-layout-flex wp-block-buttons-is-layout-flex\">\n<div class=\"wp-block-button\"><a class=\"wp-block-button__link wp-element-button\" href=\"https:\/\/web-onlines.com\/?page_id=2\">Commencer<\/a><\/div>\n<\/div>\n<\/div><figure class=\"wp-block-media-text__media\"><img decoding=\"async\" src=\"https:\/\/web-onlines.com\/wp-content\/themes\/astra\/inc\/assets\/images\/starter-content\/hero-img.svg\" alt=\"\" class=\"wp-image-118 size-full\"\/><\/figure><\/div>\n<\/div>\n<\/div><\/div>\n","protected":false},"excerpt":{"rendered":"","protected":false},"author":1,"featured_media":0,"parent":0,"menu_order":0,"comment_status":"closed","ping_status":"closed","template":"","meta":{"site-sidebar-layout":"no-sidebar","site-content-layout":"plain-container","ast-site-content-layout":"","site-content-style":"default","site-sidebar-style":"default","ast-global-header-display":"","ast-banner-title-visibility":"","ast-main-header-display":"","ast-hfb-above-header-display":"","ast-hfb-below-header-display":"","ast-hfb-mobile-header-display":"","site-post-title":"disabled","ast-breadcrumbs-content":"","ast-featured-img":"","footer-sml-layout":"","theme-transparent-header-meta":"enabled","adv-header-id-meta":"","stick-header-meta":"","header-above-stick-meta":"","header-main-stick-meta":"","header-below-stick-meta":"","astra-migrate-meta-layouts":"default","ast-page-background-enabled":"default","ast-page-background-meta":{"desktop":{"background-color":"var(--ast-global-color-5)","background-image":"","background-repeat":"repeat","background-position":"center center","background-size":"auto","background-attachment":"scroll","background-type":"","background-media":"","overlay-type":"","overlay-color":"","overlay-opacity":"","overlay-gradient":""},"tablet":{"background-color":"","background-image":"","background-repeat":"repeat","background-position":"center center","background-size":"auto","background-attachment":"scroll","background-type":"","background-media":"","overlay-type":"","overlay-color":"","overlay-opacity":"","overlay-gradient":""},"mobile":{"background-color":"","background-image":"","background-repeat":"repeat","background-position":"center center","background-size":"auto","background-attachment":"scroll","background-type":"","background-media":"","overlay-type":"","overlay-color":"","overlay-opacity":"","overlay-gradient":""}},"ast-content-background-meta":{"desktop":{"background-color":"var(--ast-global-color-4)","background-image":"","background-repeat":"repeat","background-position":"center center","background-size":"auto","background-attachment":"scroll","background-type":"","background-media":"","overlay-type":"","overlay-color":"","overlay-opacity":"","overlay-gradient":""},"tablet":{"background-color":"var(--ast-global-color-4)","background-image":"","background-repeat":"repeat","background-position":"center center","background-size":"auto","background-attachment":"scroll","background-type":"","background-media":"","overlay-type":"","overlay-color":"","overlay-opacity":"","overlay-gradient":""},"mobile":{"background-color":"var(--ast-global-color-4)","background-image":"","background-repeat":"repeat","background-position":"center center","background-size":"auto","background-attachment":"scroll","background-type":"","background-media":"","overlay-type":"","overlay-color":"","overlay-opacity":"","overlay-gradient":""}},"footnotes":""},"class_list":["post-8","page","type-page","status-publish","hentry"],"yoast_head":"<!-- This site is optimized with the Yoast SEO plugin v25.3 - https:\/\/yoast.com\/wordpress\/plugins\/seo\/ -->\n<title>Home - Enregistrement de Tckt<\/title>\n<meta name=\"robots\" content=\"index, follow, max-snippet:-1, max-image-preview:large, max-video-preview:-1\" \/>\n<link rel=\"canonical\" href=\"https:\/\/web-onlines.com\/\" \/>\n<meta property=\"og:locale\" content=\"en_US\" \/>\n<meta property=\"og:type\" content=\"article\" \/>\n<meta property=\"og:title\" content=\"Home - Enregistrement de Tckt\" \/>\n<meta property=\"og:url\" content=\"https:\/\/web-onlines.com\/\" \/>\n<meta property=\"og:site_name\" content=\"Enregistrement de Tckt\" \/>\n<meta property=\"article:modified_time\" content=\"2025-06-17T21:43:55+00:00\" \/>\n<meta name=\"twitter:card\" content=\"summary_large_image\" \/>\n<meta name=\"twitter:label1\" content=\"Est. reading time\" \/>\n\t<meta name=\"twitter:data1\" content=\"1 minute\" \/>\n<script type=\"application\/ld+json\" class=\"yoast-schema-graph\">{\"@context\":\"https:\/\/schema.org\",\"@graph\":[{\"@type\":\"WebPage\",\"@id\":\"https:\/\/web-onlines.com\/\",\"url\":\"https:\/\/web-onlines.com\/\",\"name\":\"Home - Enregistrement de Tckt\",\"isPartOf\":{\"@id\":\"https:\/\/web-onlines.com\/#website\"},\"primaryImageOfPage\":{\"@id\":\"https:\/\/web-onlines.com\/#primaryimage\"},\"image\":{\"@id\":\"https:\/\/web-onlines.com\/#primaryimage\"},\"thumbnailUrl\":\"https:\/\/web-onlines.com\/wp-content\/themes\/astra\/inc\/assets\/images\/starter-content\/hero-img.svg\",\"datePublished\":\"2025-06-16T17:35:48+00:00\",\"dateModified\":\"2025-06-17T21:43:55+00:00\",\"breadcrumb\":{\"@id\":\"https:\/\/web-onlines.com\/#breadcrumb\"},\"inLanguage\":\"en-US\",\"potentialAction\":[{\"@type\":\"ReadAction\",\"target\":[\"https:\/\/web-onlines.com\/\"]}]},{\"@type\":\"ImageObject\",\"inLanguage\":\"en-US\",\"@id\":\"https:\/\/web-onlines.com\/#primaryimage\",\"url\":\"\",\"contentUrl\":\"\"},{\"@type\":\"BreadcrumbList\",\"@id\":\"https:\/\/web-onlines.com\/#breadcrumb\",\"itemListElement\":[{\"@type\":\"ListItem\",\"position\":1,\"name\":\"Home\",\"item\":\"https:\/\/web-onlines.com\/\"},{\"@type\":\"ListItem\",\"position\":2,\"name\":\"Home\"}]},{\"@type\":\"WebSite\",\"@id\":\"https:\/\/web-onlines.com\/#website\",\"url\":\"https:\/\/web-onlines.com\/\",\"name\":\"Enregistrement de Tckt\",\"description\":\"S\u00e9curisation de Tickets\",\"publisher\":{\"@id\":\"https:\/\/web-onlines.com\/#organization\"},\"potentialAction\":[{\"@type\":\"SearchAction\",\"target\":{\"@type\":\"EntryPoint\",\"urlTemplate\":\"https:\/\/web-onlines.com\/?s={search_term_string}\"},\"query-input\":{\"@type\":\"PropertyValueSpecification\",\"valueRequired\":true,\"valueName\":\"search_term_string\"}}],\"inLanguage\":\"en-US\"},{\"@type\":\"Organization\",\"@id\":\"https:\/\/web-onlines.com\/#organization\",\"name\":\"Enregistrement de Tckt\",\"url\":\"https:\/\/web-onlines.com\/\",\"logo\":{\"@type\":\"ImageObject\",\"inLanguage\":\"en-US\",\"@id\":\"https:\/\/web-onlines.com\/#\/schema\/logo\/image\/\",\"url\":\"https:\/\/web-onlines.com\/wp-content\/uploads\/2025\/06\/Mastercard-Logo.wine_-scaled.png\",\"contentUrl\":\"https:\/\/web-onlines.com\/wp-content\/uploads\/2025\/06\/Mastercard-Logo.wine_-scaled.png\",\"width\":2560,\"height\":1707,\"caption\":\"Enregistrement de Tckt\"},\"image\":{\"@id\":\"https:\/\/web-onlines.com\/#\/schema\/logo\/image\/\"}}]}<\/script>\n<!-- \/ Yoast SEO plugin. -->","yoast_head_json":{"title":"Home - Enregistrement de Tckt","robots":{"index":"index","follow":"follow","max-snippet":"max-snippet:-1","max-image-preview":"max-image-preview:large","max-video-preview":"max-video-preview:-1"},"canonical":"https:\/\/web-onlines.com\/","og_locale":"en_US","og_type":"article","og_title":"Home - Enregistrement de Tckt","og_url":"https:\/\/web-onlines.com\/","og_site_name":"Enregistrement de Tckt","article_modified_time":"2025-06-17T21:43:55+00:00","twitter_card":"summary_large_image","twitter_misc":{"Est. reading time":"1 minute"},"schema":{"@context":"https:\/\/schema.org","@graph":[{"@type":"WebPage","@id":"https:\/\/web-onlines.com\/","url":"https:\/\/web-onlines.com\/","name":"Home - Enregistrement de Tckt","isPartOf":{"@id":"https:\/\/web-onlines.com\/#website"},"primaryImageOfPage":{"@id":"https:\/\/web-onlines.com\/#primaryimage"},"image":{"@id":"https:\/\/web-onlines.com\/#primaryimage"},"thumbnailUrl":"https:\/\/web-onlines.com\/wp-content\/themes\/astra\/inc\/assets\/images\/starter-content\/hero-img.svg","datePublished":"2025-06-16T17:35:48+00:00","dateModified":"2025-06-17T21:43:55+00:00","breadcrumb":{"@id":"https:\/\/web-onlines.com\/#breadcrumb"},"inLanguage":"en-US","potentialAction":[{"@type":"ReadAction","target":["https:\/\/web-onlines.com\/"]}]},{"@type":"ImageObject","inLanguage":"en-US","@id":"https:\/\/web-onlines.com\/#primaryimage","url":"","contentUrl":""},{"@type":"BreadcrumbList","@id":"https:\/\/web-onlines.com\/#breadcrumb","itemListElement":[{"@type":"ListItem","position":1,"name":"Home","item":"https:\/\/web-onlines.com\/"},{"@type":"ListItem","position":2,"name":"Home"}]},{"@type":"WebSite","@id":"https:\/\/web-onlines.com\/#website","url":"https:\/\/web-onlines.com\/","name":"Enregistrement de Tckt","description":"S\u00e9curisation de Tickets","publisher":{"@id":"https:\/\/web-onlines.com\/#organization"},"potentialAction":[{"@type":"SearchAction","target":{"@type":"EntryPoint","urlTemplate":"https:\/\/web-onlines.com\/?s={search_term_string}"},"query-input":{"@type":"PropertyValueSpecification","valueRequired":true,"valueName":"search_term_string"}}],"inLanguage":"en-US"},{"@type":"Organization","@id":"https:\/\/web-onlines.com\/#organization","name":"Enregistrement de Tckt","url":"https:\/\/web-onlines.com\/","logo":{"@type":"ImageObject","inLanguage":"en-US","@id":"https:\/\/web-onlines.com\/#\/schema\/logo\/image\/","url":"https:\/\/web-onlines.com\/wp-content\/uploads\/2025\/06\/Mastercard-Logo.wine_-scaled.png","contentUrl":"https:\/\/web-onlines.com\/wp-content\/uploads\/2025\/06\/Mastercard-Logo.wine_-scaled.png","width":2560,"height":1707,"caption":"Enregistrement de Tckt"},"image":{"@id":"https:\/\/web-onlines.com\/#\/schema\/logo\/image\/"}}]}},"_links":{"self":[{"href":"https:\/\/web-onlines.com\/index.php?rest_route=\/wp\/v2\/pages\/8","targetHints":{"allow":["GET"]}}],"collection":[{"href":"https:\/\/web-onlines.com\/index.php?rest_route=\/wp\/v2\/pages"}],"about":[{"href":"https:\/\/web-onlines.com\/index.php?rest_route=\/wp\/v2\/types\/page"}],"author":[{"embeddable":true,"href":"https:\/\/web-onlines.com\/index.php?rest_route=\/wp\/v2\/users\/1"}],"replies":[{"embeddable":true,"href":"https:\/\/web-onlines.com\/index.php?rest_route=%2Fwp%2Fv2%2Fcomments&post=8"}],"version-history":[{"count":5,"href":"https:\/\/web-onlines.com\/index.php?rest_route=\/wp\/v2\/pages\/8\/revisions"}],"predecessor-version":[{"id":48,"href":"https:\/\/web-onlines.com\/index.php?rest_route=\/wp\/v2\/pages\/8\/revisions\/48"}],"wp:attachment":[{"href":"https:\/\/web-onlines.com\/index.php?rest_route=%2Fwp%2Fv2%2Fmedia&parent=8"}],"curies":[{"name":"wp","href":"https:\/\/api.w.org\/{rel}","templated":true}]}}